{"id":648,"date":"2016-10-28T19:40:40","date_gmt":"2016-10-28T23:40:40","guid":{"rendered":"https:\/\/kazourian-luthier.com\/?page_id=648"},"modified":"2024-08-24T20:54:22","modified_gmt":"2024-08-25T01:54:22","slug":"luthier-montreal","status":"publish","type":"page","link":"https:\/\/kazourian-luthier.com\/fr\/luthier-montreal\/","title":{"rendered":"\u00c0 propos"},"content":{"rendered":"<p><div class=\"fusion-fullwidth fullwidth-box fusion-builder-row-1 nonhundred-percent-fullwidth non-hundred-percent-height-scrolling\" style=\"background-color: rgba(255,255,255,0);background-position: center center;background-repeat: no-repeat;padding-top:0px;padding-right:0px;padding-bottom:0px;padding-left:0px;margin-bottom: 0px;margin-top: 0px;border-width: 0px 0px 0px 0px;border-color:#eae9e9;border-style:solid;\" ><div class=\"fusion-builder-row fusion-row\"><div class=\"fusion-layout-column fusion_builder_column fusion-builder-column-0 fusion_builder_column_1_2 1_2 fusion-one-half fusion-column-first\" style=\"width:50%;width:calc(50% - ( ( 4% ) * 0.5 ) );margin-right: 4%;margin-top:0px;margin-bottom:0px;\"><div class=\"fusion-column-wrapper fusion-flex-column-wrapper-legacy\" style=\"background-position:left top;background-repeat:no-repeat;-webkit-background-size:cover;-moz-background-size:cover;-o-background-size:cover;background-size:cover;padding: 0px 0px 0px 0px;\"><span class=\" fusion-imageframe imageframe-none imageframe-1 hover-type-none\"><img decoding=\"async\" width=\"1080\" height=\"720\" title=\"Web_Theo-70\" src=\"https:\/\/kazourian-luthier.com\/wp-content\/uploads\/2024\/08\/Web_Theo-70.jpg\" alt class=\"img-responsive wp-image-3278\" srcset=\"https:\/\/kazourian-luthier.com\/wp-content\/uploads\/2024\/08\/Web_Theo-70-200x133.jpg 200w, https:\/\/kazourian-luthier.com\/wp-content\/uploads\/2024\/08\/Web_Theo-70-400x267.jpg 400w, https:\/\/kazourian-luthier.com\/wp-content\/uploads\/2024\/08\/Web_Theo-70-600x400.jpg 600w, https:\/\/kazourian-luthier.com\/wp-content\/uploads\/2024\/08\/Web_Theo-70-800x533.jpg 800w, https:\/\/kazourian-luthier.com\/wp-content\/uploads\/2024\/08\/Web_Theo-70.jpg 1080w\" sizes=\"(max-width: 1025px) 100vw, 1080px\" \/><\/span><div class=\"fusion-text fusion-text-1\"><h6>Photo : Nadia Zheng<\/h6>\n<\/div><div class=\"fusion-clearfix\"><\/div><\/div><\/div><div class=\"fusion-layout-column fusion_builder_column fusion-builder-column-1 fusion_builder_column_1_2 1_2 fusion-one-half fusion-column-last\" style=\"width:50%;width:calc(50% - ( ( 4% ) * 0.5 ) );margin-top:0px;margin-bottom:0px;\"><div class=\"fusion-column-wrapper fusion-flex-column-wrapper-legacy\" style=\"background-position:left top;background-repeat:no-repeat;-webkit-background-size:cover;-moz-background-size:cover;-o-background-size:cover;background-size:cover;padding: 0px 0px 0px 0px;\"><div class=\"fusion-text fusion-text-2\"><p>Je suis n\u00e9 en France au milieu des ann\u00e9es 80.<\/p>\n<p>La guitare a toujours \u00e9t\u00e9 pr\u00e9sente dans ma vie. Mon p\u00e8re poss\u00e9dait une vieille guitare classique espagnole qui tr\u00f4nait dans notre salon \u00e9tant petit, j&rsquo;y ai appris mes premi\u00e8res notes.<\/p>\n<p>Continuant \u00e0 jouer de l&rsquo;instrument de mani\u00e8re assidue, je passe un baccalaur\u00e9at en microm\u00e9canique. Cela marque le d\u00e9but de mon int\u00e9r\u00eat envers le travail de pr\u00e9cision et la rigueur que cela implique. Je commence donc naturellement \u00e0 r\u00e9parer et r\u00e9gler mes propres guitares.<\/p>\n<p>C\u2019est en 2011 que je d\u00e9cide d&rsquo;immigrer au Canada et c&rsquo;est l\u00e0 que j\u2019ai la r\u00e9v\u00e9lation pour la lutherie guitare, je veux en faire ma vie.<\/p>\n<p>Je suis alors une formation coll\u00e9giale de 3 ann\u00e9es au sein de <a href=\"https:\/\/bruand.com\/\">l&rsquo;\u00e9cole de lutherie guitare Bruand<\/a>, situ\u00e9e sur la Rive Sud de Montr\u00e9al ou j&rsquo;apprends les rudiments du m\u00e9tier gr\u00e2ce \u00e0 une \u00e9quipe d&rsquo;enseignants passionn\u00e9s.<\/p>\n<p>En parall\u00e8le, j&rsquo;int\u00e8gre rapidement le <a href=\"https:\/\/www.lacordeguitars.com\/\">collectif de luthiers La Corde<\/a>, ce qui me permet, au contact des luthiers pr\u00e9sents, d&rsquo;\u00e9tendre mes connaissances et d&rsquo;avoir mes premi\u00e8res commandes de guitares sur mesure.<\/p>\n<p>Je dipl\u00f4me en 2015 avec mention et commence ma carri\u00e8re d\u2019artisan. Je participe d\u00e8s lors \u00e0 de nombreux salons \u00e0 l\u2019international tout en continuant d\u2019am\u00e9liorer ma technique et mes connaissances en lutherie.<\/p>\n<p>J\u2019ai depuis construit quelques dizaines d\u2019instruments qui sont jou\u00e9s par des musiciens \u00e0 travers le monde et continue chaque jour de d\u00e9livrer le meilleur de mon savoir-faire dans la fabrication de guitares haut de gamme.<\/p>\n<p>Je suis \u00e9galement enseignant \u00e0 l&rsquo;\u00e9cole Bruand et c&rsquo;est pour moi une grande fiert\u00e9 de pouvoir \u00e0 mon tour passer mon savoir.<\/p>\n<\/div><div class=\"fusion-sep-clear\"><\/div><div class=\"fusion-separator fusion-full-width-sep\" style=\"margin-left: auto;margin-right: auto;margin-top:60px;width:100%;\"><\/div><div class=\"fusion-sep-clear\"><\/div><div class=\"fusion-clearfix\"><\/div><\/div><\/div><\/div><\/div><div class=\"fusion-fullwidth fullwidth-box fusion-builder-row-2 fusion-flex-container nonhundred-percent-fullwidth non-hundred-percent-height-scrolling\" style=\"background-color: rgba(255,255,255,0);background-position: center center;background-repeat: no-repeat;border-width: 0px 0px 0px 0px;border-color:#eae9e9;border-style:solid;\" ><div class=\"fusion-builder-row fusion-row fusion-flex-align-items-flex-start\" style=\"max-width:93.6%;margin-left: calc(-4% \/ 2 );margin-right: calc(-4% \/ 2 );\"><div class=\"fusion-layout-column fusion_builder_column fusion-builder-column-2 fusion_builder_column_1_1 1_1 fusion-flex-column\"><div class=\"fusion-column-wrapper fusion-flex-justify-content-flex-start fusion-content-layout-column\" style=\"background-position:left top;background-repeat:no-repeat;-webkit-background-size:cover;-moz-background-size:cover;-o-background-size:cover;background-size:cover;padding: 0px 0px 0px 0px;\"><div class=\"fusion-separator fusion-full-width-sep\" style=\"align-self: center;margin-left: auto;margin-right: auto;margin-top:60px;width:100%;\"><\/div><\/div><style type=\"text\/css\">.fusion-body .fusion-builder-column-2{width:100% !important;margin-top : 0px;margin-bottom : 0px;}.fusion-builder-column-2 > .fusion-column-wrapper {padding-top : 0px !important;padding-right : 0px !important;margin-right : 1.92%;padding-bottom : 0px !important;padding-left : 0px !important;margin-left : 1.92%;}@media only screen and (max-width:1024px) {.fusion-body .fusion-builder-column-2{width:100% !important;order : 0;}.fusion-builder-column-2 > .fusion-column-wrapper {margin-right : 1.92%;margin-left : 1.92%;}}@media only screen and (max-width:640px) {.fusion-body .fusion-builder-column-2{width:100% !important;order : 0;}.fusion-builder-column-2 > .fusion-column-wrapper {margin-right : 1.92%;margin-left : 1.92%;}}<\/style><\/div><\/div><style type=\"text\/css\">.fusion-body .fusion-flex-container.fusion-builder-row-2{ padding-top : 0px;margin-top : 0px;padding-right : 0px;padding-bottom : 0px;margin-bottom : 0px;padding-left : 0px;}<\/style><\/div><\/p>\n","protected":false},"excerpt":{"rendered":"","protected":false},"author":1,"featured_media":0,"parent":0,"menu_order":0,"comment_status":"closed","ping_status":"closed","template":"","meta":{"footnotes":""},"class_list":["post-648","page","type-page","status-publish","hentry"],"yoast_head":"<!-- This site is optimized with the Yoast SEO plugin v26.6 - https:\/\/yoast.com\/wordpress\/plugins\/seo\/ -->\n<title>\u00c0 propos - Th\u00e9o Kazourian Luthier \u00e0 Montr\u00e9al - Fabrication, r\u00e9parations...<\/title>\n<meta name=\"description\" content=\"Th\u00e9o Kazourian est un luthier bas\u00e9 \u00e0 Montr\u00e9al et sp\u00e9cialis\u00e9 dans la fabrication de guitares sur mesure. Il propose aussi un service de r\u00e9parations complet.\" \/>\n<meta name=\"robots\" content=\"index, follow, max-snippet:-1, max-image-preview:large, max-video-preview:-1\" \/>\n<link rel=\"canonical\" href=\"https:\/\/kazourian-luthier.com\/fr\/luthier-montreal\/\" \/>\n<meta property=\"og:locale\" content=\"fr_FR\" \/>\n<meta property=\"og:type\" content=\"article\" \/>\n<meta property=\"og:title\" content=\"\u00c0 propos - Th\u00e9o Kazourian Luthier \u00e0 Montr\u00e9al - Fabrication, r\u00e9parations...\" \/>\n<meta property=\"og:description\" content=\"Th\u00e9o Kazourian est un luthier bas\u00e9 \u00e0 Montr\u00e9al et sp\u00e9cialis\u00e9 dans la fabrication de guitares sur mesure. Il propose aussi un service de r\u00e9parations complet.\" \/>\n<meta property=\"og:url\" content=\"https:\/\/kazourian-luthier.com\/fr\/luthier-montreal\/\" \/>\n<meta property=\"og:site_name\" content=\"Th\u00e9o Kazourian Luthier Montr\u00e9al\" \/>\n<meta property=\"article:publisher\" content=\"https:\/\/www.facebook.com\/guitareskazourian\/\" \/>\n<meta property=\"article:modified_time\" content=\"2024-08-25T01:54:22+00:00\" \/>\n<meta name=\"twitter:card\" content=\"summary_large_image\" \/>\n<meta name=\"twitter:label1\" content=\"Dur\u00e9e de lecture estim\u00e9e\" \/>\n\t<meta name=\"twitter:data1\" content=\"5 minutes\" \/>\n<script type=\"application\/ld+json\" class=\"yoast-schema-graph\">{\"@context\":\"https:\/\/schema.org\",\"@graph\":[{\"@type\":\"WebPage\",\"@id\":\"https:\/\/kazourian-luthier.com\/fr\/luthier-montreal\/\",\"url\":\"https:\/\/kazourian-luthier.com\/fr\/luthier-montreal\/\",\"name\":\"\u00c0 propos - Th\u00e9o Kazourian Luthier \u00e0 Montr\u00e9al - Fabrication, r\u00e9parations...\",\"isPartOf\":{\"@id\":\"https:\/\/kazourian-luthier.com\/fr\/#website\"},\"datePublished\":\"2016-10-28T23:40:40+00:00\",\"dateModified\":\"2024-08-25T01:54:22+00:00\",\"description\":\"Th\u00e9o Kazourian est un luthier bas\u00e9 \u00e0 Montr\u00e9al et sp\u00e9cialis\u00e9 dans la fabrication de guitares sur mesure. Il propose aussi un service de r\u00e9parations complet.\",\"breadcrumb\":{\"@id\":\"https:\/\/kazourian-luthier.com\/fr\/luthier-montreal\/#breadcrumb\"},\"inLanguage\":\"fr-FR\",\"potentialAction\":[{\"@type\":\"ReadAction\",\"target\":[\"https:\/\/kazourian-luthier.com\/fr\/luthier-montreal\/\"]}]},{\"@type\":\"BreadcrumbList\",\"@id\":\"https:\/\/kazourian-luthier.com\/fr\/luthier-montreal\/#breadcrumb\",\"itemListElement\":[{\"@type\":\"ListItem\",\"position\":1,\"name\":\"Accueil\",\"item\":\"https:\/\/kazourian-luthier.com\/fr\/\"},{\"@type\":\"ListItem\",\"position\":2,\"name\":\"\u00c0 propos\"}]},{\"@type\":\"WebSite\",\"@id\":\"https:\/\/kazourian-luthier.com\/fr\/#website\",\"url\":\"https:\/\/kazourian-luthier.com\/fr\/\",\"name\":\"Th\u00e9o Kazourian Luthier Montr\u00e9al\",\"description\":\"Luthier Custom guitars Montreal\",\"publisher\":{\"@id\":\"https:\/\/kazourian-luthier.com\/fr\/#organization\"},\"potentialAction\":[{\"@type\":\"SearchAction\",\"target\":{\"@type\":\"EntryPoint\",\"urlTemplate\":\"https:\/\/kazourian-luthier.com\/fr\/?s={search_term_string}\"},\"query-input\":{\"@type\":\"PropertyValueSpecification\",\"valueRequired\":true,\"valueName\":\"search_term_string\"}}],\"inLanguage\":\"fr-FR\"},{\"@type\":\"Organization\",\"@id\":\"https:\/\/kazourian-luthier.com\/fr\/#organization\",\"name\":\"Th\u00e9o Kazourian Luthier\",\"url\":\"https:\/\/kazourian-luthier.com\/fr\/\",\"logo\":{\"@type\":\"ImageObject\",\"inLanguage\":\"fr-FR\",\"@id\":\"https:\/\/kazourian-luthier.com\/fr\/#\/schema\/logo\/image\/\",\"url\":\"https:\/\/kazourian-luthier.com\/wp-content\/uploads\/2017\/12\/TK_LOGO-small.png\",\"contentUrl\":\"https:\/\/kazourian-luthier.com\/wp-content\/uploads\/2017\/12\/TK_LOGO-small.png\",\"width\":200,\"height\":144,\"caption\":\"Th\u00e9o Kazourian Luthier\"},\"image\":{\"@id\":\"https:\/\/kazourian-luthier.com\/fr\/#\/schema\/logo\/image\/\"},\"sameAs\":[\"https:\/\/www.facebook.com\/guitareskazourian\/\",\"https:\/\/www.instagram.com\/theo_kazourian_luthier\/?hl=en\",\"https:\/\/www.linkedin.com\/in\/th\u00e9o-kazourian-96a417a0?trk=hp-identity-name\",\"https:\/\/www.pinterest.com\/theokazourian\/\"]}]}<\/script>\n<!-- \/ Yoast SEO plugin. -->","yoast_head_json":{"title":"\u00c0 propos - Th\u00e9o Kazourian Luthier \u00e0 Montr\u00e9al - Fabrication, r\u00e9parations...","description":"Th\u00e9o Kazourian est un luthier bas\u00e9 \u00e0 Montr\u00e9al et sp\u00e9cialis\u00e9 dans la fabrication de guitares sur mesure. Il propose aussi un service de r\u00e9parations complet.","robots":{"index":"index","follow":"follow","max-snippet":"max-snippet:-1","max-image-preview":"max-image-preview:large","max-video-preview":"max-video-preview:-1"},"canonical":"https:\/\/kazourian-luthier.com\/fr\/luthier-montreal\/","og_locale":"fr_FR","og_type":"article","og_title":"\u00c0 propos - Th\u00e9o Kazourian Luthier \u00e0 Montr\u00e9al - Fabrication, r\u00e9parations...","og_description":"Th\u00e9o Kazourian est un luthier bas\u00e9 \u00e0 Montr\u00e9al et sp\u00e9cialis\u00e9 dans la fabrication de guitares sur mesure. Il propose aussi un service de r\u00e9parations complet.","og_url":"https:\/\/kazourian-luthier.com\/fr\/luthier-montreal\/","og_site_name":"Th\u00e9o Kazourian Luthier Montr\u00e9al","article_publisher":"https:\/\/www.facebook.com\/guitareskazourian\/","article_modified_time":"2024-08-25T01:54:22+00:00","twitter_card":"summary_large_image","twitter_misc":{"Dur\u00e9e de lecture estim\u00e9e":"5 minutes"},"schema":{"@context":"https:\/\/schema.org","@graph":[{"@type":"WebPage","@id":"https:\/\/kazourian-luthier.com\/fr\/luthier-montreal\/","url":"https:\/\/kazourian-luthier.com\/fr\/luthier-montreal\/","name":"\u00c0 propos - Th\u00e9o Kazourian Luthier \u00e0 Montr\u00e9al - Fabrication, r\u00e9parations...","isPartOf":{"@id":"https:\/\/kazourian-luthier.com\/fr\/#website"},"datePublished":"2016-10-28T23:40:40+00:00","dateModified":"2024-08-25T01:54:22+00:00","description":"Th\u00e9o Kazourian est un luthier bas\u00e9 \u00e0 Montr\u00e9al et sp\u00e9cialis\u00e9 dans la fabrication de guitares sur mesure. Il propose aussi un service de r\u00e9parations complet.","breadcrumb":{"@id":"https:\/\/kazourian-luthier.com\/fr\/luthier-montreal\/#breadcrumb"},"inLanguage":"fr-FR","potentialAction":[{"@type":"ReadAction","target":["https:\/\/kazourian-luthier.com\/fr\/luthier-montreal\/"]}]},{"@type":"BreadcrumbList","@id":"https:\/\/kazourian-luthier.com\/fr\/luthier-montreal\/#breadcrumb","itemListElement":[{"@type":"ListItem","position":1,"name":"Accueil","item":"https:\/\/kazourian-luthier.com\/fr\/"},{"@type":"ListItem","position":2,"name":"\u00c0 propos"}]},{"@type":"WebSite","@id":"https:\/\/kazourian-luthier.com\/fr\/#website","url":"https:\/\/kazourian-luthier.com\/fr\/","name":"Th\u00e9o Kazourian Luthier Montr\u00e9al","description":"Luthier Custom guitars Montreal","publisher":{"@id":"https:\/\/kazourian-luthier.com\/fr\/#organization"},"potentialAction":[{"@type":"SearchAction","target":{"@type":"EntryPoint","urlTemplate":"https:\/\/kazourian-luthier.com\/fr\/?s={search_term_string}"},"query-input":{"@type":"PropertyValueSpecification","valueRequired":true,"valueName":"search_term_string"}}],"inLanguage":"fr-FR"},{"@type":"Organization","@id":"https:\/\/kazourian-luthier.com\/fr\/#organization","name":"Th\u00e9o Kazourian Luthier","url":"https:\/\/kazourian-luthier.com\/fr\/","logo":{"@type":"ImageObject","inLanguage":"fr-FR","@id":"https:\/\/kazourian-luthier.com\/fr\/#\/schema\/logo\/image\/","url":"https:\/\/kazourian-luthier.com\/wp-content\/uploads\/2017\/12\/TK_LOGO-small.png","contentUrl":"https:\/\/kazourian-luthier.com\/wp-content\/uploads\/2017\/12\/TK_LOGO-small.png","width":200,"height":144,"caption":"Th\u00e9o Kazourian Luthier"},"image":{"@id":"https:\/\/kazourian-luthier.com\/fr\/#\/schema\/logo\/image\/"},"sameAs":["https:\/\/www.facebook.com\/guitareskazourian\/","https:\/\/www.instagram.com\/theo_kazourian_luthier\/?hl=en","https:\/\/www.linkedin.com\/in\/th\u00e9o-kazourian-96a417a0?trk=hp-identity-name","https:\/\/www.pinterest.com\/theokazourian\/"]}]}},"_links":{"self":[{"href":"https:\/\/kazourian-luthier.com\/fr\/wp-json\/wp\/v2\/pages\/648","targetHints":{"allow":["GET"]}}],"collection":[{"href":"https:\/\/kazourian-luthier.com\/fr\/wp-json\/wp\/v2\/pages"}],"about":[{"href":"https:\/\/kazourian-luthier.com\/fr\/wp-json\/wp\/v2\/types\/page"}],"author":[{"embeddable":true,"href":"https:\/\/kazourian-luthier.com\/fr\/wp-json\/wp\/v2\/users\/1"}],"replies":[{"embeddable":true,"href":"https:\/\/kazourian-luthier.com\/fr\/wp-json\/wp\/v2\/comments?post=648"}],"version-history":[{"count":14,"href":"https:\/\/kazourian-luthier.com\/fr\/wp-json\/wp\/v2\/pages\/648\/revisions"}],"predecessor-version":[{"id":3286,"href":"https:\/\/kazourian-luthier.com\/fr\/wp-json\/wp\/v2\/pages\/648\/revisions\/3286"}],"wp:attachment":[{"href":"https:\/\/kazourian-luthier.com\/fr\/wp-json\/wp\/v2\/media?parent=648"}],"curies":[{"name":"wp","href":"https:\/\/api.w.org\/{rel}","templated":true}]}}